{"id":82784,"date":"2020-08-08T12:49:14","date_gmt":"2020-08-08T12:49:14","guid":{"rendered":"http:\/\/es.look-si.com\/?page_id=82784"},"modified":"2025-03-01T01:02:11","modified_gmt":"2025-03-01T01:02:11","slug":"home","status":"publish","type":"page","link":"https:\/\/look-si.com\/","title":{"rendered":"Home"},"content":{"rendered":"<section class=\"wpb-content-wrapper\">\t\t<div data-elementor-type=\"wp-page\" data-elementor-id=\"82784\" class=\"elementor elementor-82784\">\n\t\t\t\t\t\t\t\t\t<section data-marvy_enable_drop_animation=\"false\" data-marvy_enable_fancy_rotate=\"false\" data-marvy_enable_flying_object=\"false\" data-marvy_enable_ripples_animation=\"false\" data-marvy_enable_waves_animation=\"false\" data-marvy_enable_rings_animation=\"false\" data-marvy_enable_topology_animation=\"false\" data-marvy_enable_gradient_animation=\"false\" data-marvy_enable_snow_animation=\"false\" data-marvy_enable_firework_animation=\"false\" data-marvy_enable_cloud_animation=\"false\" class=\"elementor-section elementor-top-section elementor-element elementor-element-4fb9da70 elementor-section-boxed elementor-section-height-default elementor-section-height-default\" data-id=\"4fb9da70\" data-element_type=\"section\">\n\t\t\t\t\t\t<div class=\"elementor-container elementor-column-gap-default\">\n\t\t\t\t\t<div class=\"elementor-column elementor-col-100 elementor-top-column elementor-element elementor-element-65f02e1f\" data-id=\"65f02e1f\" data-element_type=\"column\">\n\t\t\t<div class=\"elementor-widget-wrap elementor-element-populated\">\n\t\t\t\t\t\t\t\t<div class=\"elementor-element elementor-element-26150160 elementor-widget elementor-widget-text-editor\" data-id=\"26150160\" data-element_type=\"widget\" data-widget_type=\"text-editor.default\">\n\t\t\t\t<div class=\"elementor-widget-container\">\n\t\t\t<style>\/*! elementor - v3.13.3 - 28-05-2023 *\/\n.elementor-widget-text-editor.elementor-drop-cap-view-stacked .elementor-drop-cap{background-color:#69727d;color:#fff}.elementor-widget-text-editor.elementor-drop-cap-view-framed .elementor-drop-cap{color:#69727d;border:3px solid;background-color:transparent}.elementor-widget-text-editor:not(.elementor-drop-cap-view-default) .elementor-drop-cap{margin-top:8px}.elementor-widget-text-editor:not(.elementor-drop-cap-view-default) .elementor-drop-cap-letter{width:1em;height:1em}.elementor-widget-text-editor .elementor-drop-cap{float:left;text-align:center;line-height:1;font-size:50px}.elementor-widget-text-editor .elementor-drop-cap-letter{display:inline-block}<\/style>\t\t\t\t[vc_row row_height_percent=&#8221;100&#8243; back_color=&#8221;color-xsdn&#8221; overlay_color=&#8221;color-xsdn&#8221; overlay_alpha=&#8221;90&#8243; gutter_size=&#8221;100&#8243; column_width_percent=&#8221;100&#8243; shift_y=&#8221;0&#8243; z_index=&#8221;0&#8243; style=&#8221;inherited&#8221; row_name=&#8221;Servicios&#8221; shape_dividers=&#8221;&#8221;][vc_column column_width_percent=&#8221;100&#8243; position_vertical=&#8221;middle&#8221; align_horizontal=&#8221;align_center&#8221; gutter_size=&#8221;4&#8243; overlay_alpha=&#8221;100&#8243; shift_x=&#8221;0&#8243; shift_y=&#8221;0&#8243; shift_y_down=&#8221;0&#8243; z_index=&#8221;0&#8243; medium_width=&#8221;0&#8243; mobile_width=&#8221;0&#8243; zoom_width=&#8221;0&#8243; zoom_height=&#8221;0&#8243; width=&#8221;1\/1&#8243;][vc_row_inner limit_content=&#8221;&#8221;][vc_column_inner column_width_use_pixel=&#8221;yes&#8221; align_horizontal=&#8221;align_center&#8221; gutter_size=&#8221;3&#8243; overlay_alpha=&#8221;50&#8243; shift_x=&#8221;0&#8243; shift_y=&#8221;0&#8243; shift_y_down=&#8221;0&#8243; z_index=&#8221;0&#8243; medium_width=&#8221;0&#8243; mobile_width=&#8221;0&#8243; css_animation=&#8221;alpha-anim&#8221; width=&#8221;1\/1&#8243; column_width_pixel=&#8221;780&#8243;][vc_custom_heading text_font=&#8221;font-329340&#8243; text_size=&#8221;h1&#8243; text_weight=&#8221;400&#8243; text_height=&#8221;fontheight-357766&#8243; text_space=&#8221;fontspace-781688&#8243;]Servicios[\/vc_custom_heading][\/vc_column_inner][\/vc_row_inner][vc_row_inner row_inner_height_percent=&#8221;0&#8243; overlay_alpha=&#8221;100&#8243; gutter_size=&#8221;4&#8243; shift_y=&#8221;0&#8243; z_index=&#8221;0&#8243; limit_content=&#8221;&#8221;][vc_column_inner column_width_percent=&#8221;100&#8243; align_horizontal=&#8221;align_center&#8221; gutter_size=&#8221;3&#8243; font_family=&#8221;font-329340&#8243; overlay_alpha=&#8221;100&#8243; shift_x=&#8221;0&#8243; shift_y=&#8221;0&#8243; shift_y_down=&#8221;0&#8243; z_index=&#8221;0&#8243; medium_width=&#8221;3&#8243; mobile_width=&#8221;7&#8243; css_animation=&#8221;alpha-anim&#8221; zoom_width=&#8221;0&#8243; zoom_height=&#8221;0&#8243; width=&#8221;1\/4&#8243;][vc_icon icon_image=&#8221;82820&#8243; text_font=&#8221;font-329340&#8243; text_size=&#8221;h4&#8243; text_weight=&#8221;400&#8243; text_space=&#8221;fontspace-781688&#8243; linked_title=&#8221;yes&#8221; text_reduced=&#8221;yes&#8221; css_animation=&#8221;zoom-in&#8221; align=&#8221;left&#8221; title=&#8221;Dise\u00f1o gr\u00e1fico y web&#8221;]Hacemos dise\u00f1os modernos y elegantes[\/vc_icon][\/vc_column_inner][vc_column_inner column_width_percent=&#8221;100&#8243; align_horizontal=&#8221;align_center&#8221; gutter_size=&#8221;3&#8243; font_family=&#8221;font-329340&#8243; overlay_alpha=&#8221;100&#8243; shift_x=&#8221;0&#8243; shift_y=&#8221;0&#8243; shift_y_down=&#8221;0&#8243; z_index=&#8221;0&#8243; medium_width=&#8221;3&#8243; mobile_width=&#8221;7&#8243; css_animation=&#8221;alpha-anim&#8221; animation_delay=&#8221;200&#8243; zoom_width=&#8221;0&#8243; zoom_height=&#8221;0&#8243; width=&#8221;1\/4&#8243;][vc_icon icon_image=&#8221;82823&#8243; text_font=&#8221;font-329340&#8243; text_size=&#8221;h4&#8243; text_weight=&#8221;400&#8243; text_space=&#8221;fontspace-781688&#8243; text_reduced=&#8221;yes&#8221; css_animation=&#8221;zoom-in&#8221; animation_delay=&#8221;200&#8243; align=&#8221;left&#8221; title=&#8221;Desarrollo p\u00e1ginas web&#8221;]Desarrollamos cualquier tipo de p\u00e1gina web[\/vc_icon][\/vc_column_inner][vc_column_inner column_width_percent=&#8221;100&#8243; align_horizontal=&#8221;align_center&#8221; gutter_size=&#8221;3&#8243; font_family=&#8221;font-329340&#8243; overlay_alpha=&#8221;100&#8243; shift_x=&#8221;0&#8243; shift_y=&#8221;0&#8243; shift_y_down=&#8221;0&#8243; z_index=&#8221;0&#8243; medium_width=&#8221;3&#8243; mobile_width=&#8221;7&#8243; css_animation=&#8221;alpha-anim&#8221; animation_delay=&#8221;400&#8243; zoom_width=&#8221;0&#8243; zoom_height=&#8221;0&#8243; width=&#8221;1\/4&#8243;][vc_icon icon_image=&#8221;82737&#8243; text_font=&#8221;font-329340&#8243; text_size=&#8221;h4&#8243; text_weight=&#8221;400&#8243; text_space=&#8221;fontspace-781688&#8243; text_reduced=&#8221;yes&#8221; css_animation=&#8221;zoom-in&#8221; animation_delay=&#8221;400&#8243; align=&#8221;left&#8221; title=&#8221;Desarrollo APPs&#8221;]Desarrollamos APPs para dispositivos iOS y Android[\/vc_icon][\/vc_column_inner][vc_column_inner column_width_percent=&#8221;100&#8243; align_horizontal=&#8221;align_center&#8221; gutter_size=&#8221;3&#8243; font_family=&#8221;font-329340&#8243; overlay_alpha=&#8221;100&#8243; shift_x=&#8221;0&#8243; shift_y=&#8221;0&#8243; shift_y_down=&#8221;0&#8243; z_index=&#8221;0&#8243; medium_width=&#8221;0&#8243; mobile_width=&#8221;0&#8243; width=&#8221;1\/4&#8243;][vc_icon icon_image=&#8221;82735&#8243; text_font=&#8221;font-329340&#8243; text_size=&#8221;h4&#8243; text_weight=&#8221;400&#8243; text_space=&#8221;fontspace-781688&#8243; text_reduced=&#8221;yes&#8221; css_animation=&#8221;zoom-in&#8221; animation_delay=&#8221;600&#8243; title=&#8221;Ciberseguridad&#8221;]Auditorias internas, WiFi, perimetrales, web, c\u00f3digo fuente y dispositivos m\u00f3viles[\/vc_icon][\/vc_column_inner][\/vc_row_inner][\/vc_column][\/vc_row][vc_row row_height_percent=&#8221;100&#8243; back_image=&#8221;82877&#8243; back_position=&#8221;center bottom&#8221; kburns=&#8221;yes&#8221; overlay_color=&#8221;color-105898&#8243; overlay_alpha=&#8221;90&#8243; equal_height=&#8221;yes&#8221; gutter_size=&#8221;0&#8243; column_width_use_pixel=&#8221;yes&#8221; shift_y=&#8221;0&#8243; z_index=&#8221;0&#8243; row_name=&#8221;Contacto&#8221;][vc_column column_width_use_pixel=&#8221;yes&#8221; position_vertical=&#8221;middle&#8221; align_horizontal=&#8221;align_center&#8221; gutter_size=&#8221;3&#8243; style=&#8221;dark&#8221; overlay_alpha=&#8221;50&#8243; shift_x=&#8221;0&#8243; shift_y=&#8221;0&#8243; shift_y_down=&#8221;0&#8243; z_index=&#8221;0&#8243; medium_width=&#8221;0&#8243; mobile_width=&#8221;0&#8243; width=&#8221;1\/1&#8243;][vc_row_inner row_inner_height_percent=&#8221;0&#8243; overlay_alpha=&#8221;50&#8243; gutter_size=&#8221;3&#8243; shift_y=&#8221;0&#8243; z_index=&#8221;0&#8243; limit_content=&#8221;&#8221;][vc_column_inner column_width_use_pixel=&#8221;yes&#8221; position_vertical=&#8221;middle&#8221; align_horizontal=&#8221;align_center&#8221; gutter_size=&#8221;3&#8243; style=&#8221;dark&#8221; overlay_alpha=&#8221;50&#8243; shift_x=&#8221;0&#8243; shift_y=&#8221;0&#8243; shift_y_down=&#8221;0&#8243; z_index=&#8221;0&#8243; medium_width=&#8221;0&#8243; mobile_width=&#8221;0&#8243; width=&#8221;1\/1&#8243; column_width_pixel=&#8221;950&#8243;][vc_custom_heading heading_semantic=&#8221;h1&#8243; text_font=&#8221;font-329340&#8243; text_size=&#8221;fontsize-338686&#8243; text_weight=&#8221;400&#8243; text_space=&#8221;fontspace-781688&#8243; css_animation=&#8221;curtain&#8221; interval_animation=&#8221;100&#8243;]Contacto[\/vc_custom_heading]\n<div class=\"wpcf7 no-js\" id=\"wpcf7-f22444-o1\" lang=\"en-US\" dir=\"ltr\">\n<div class=\"screen-reader-response\"><p role=\"status\" aria-live=\"polite\" aria-atomic=\"true\"><\/p> <ul><\/ul><\/div>\n<form action=\"\/index.php\/wp-json\/wp\/v2\/pages\/82784#wpcf7-f22444-o1\" method=\"post\" class=\"wpcf7-form init\" aria-label=\"Contact form\" novalidate=\"novalidate\" data-status=\"init\">\n<div style=\"display: none;\">\n<input type=\"hidden\" name=\"_wpcf7\" value=\"22444\" \/>\n<input type=\"hidden\" name=\"_wpcf7_version\" value=\"5.7.7\" \/>\n<input type=\"hidden\" name=\"_wpcf7_locale\" value=\"en_US\" \/>\n<input type=\"hidden\" name=\"_wpcf7_unit_tag\" value=\"wpcf7-f22444-o1\" \/>\n<input type=\"hidden\" name=\"_wpcf7_container_post\" value=\"0\" \/>\n<input type=\"hidden\" name=\"_wpcf7_posted_data_hash\" value=\"\" \/>\n<input type=\"hidden\" name=\"_wpcf7_recaptcha_response\" value=\"\" \/>\n<\/div>\n<div class=\"wpcf7-inline-wrapper\">\n\t<p>Nombre<br \/>\n<span class=\"wpcf7-form-control-wrap\" data-name=\"your-firstname\"><input size=\"40\" class=\"wpcf7-form-control wpcf7-text wpcf7-validates-as-required form-fluid\" aria-required=\"true\" aria-invalid=\"false\" value=\"\" type=\"text\" name=\"your-firstname\" \/><\/span>\n\t<\/p>\n\t<p><b><br \/>\n<\/b>\n\t<\/p>\n\t<p>Correo electr\u00f3nico<br \/>\n<span class=\"wpcf7-form-control-wrap\" data-name=\"your-email\"><input size=\"40\" class=\"wpcf7-form-control wpcf7-text wpcf7-email wpcf7-validates-as-required wpcf7-validates-as-email form-fluid\" aria-required=\"true\" aria-invalid=\"false\" value=\"\" type=\"email\" name=\"your-email\" \/><\/span>\n\t<\/p>\n\t<p><b><br \/>\n<\/b>\n\t<\/p>\n\t<p>Mensaje<span class=\"wpcf7-form-control-wrap\" data-name=\"your-message\"><textarea cols=\"40\" rows=\"8\" class=\"wpcf7-form-control wpcf7-textarea\" aria-invalid=\"false\" placeholder=\"\" name=\"your-message\"><\/textarea><\/span>\n\t<\/p>\n\t<p><br \/>\n<input class=\"wpcf7-form-control has-spinner wpcf7-submit btn-default btn-accent btn-lg btn-block btn-custom-typo font-175345 font-weight-400 btn-text-skin text-initial no-letterspace\" type=\"submit\" value=\"Enviar\" \/>\n\t<\/p>\n<\/div><div class=\"wpcf7-response-output\" aria-hidden=\"true\"><\/div>\n<\/form>\n<\/div>\n[\/vc_column_inner][\/vc_row_inner][\/vc_column][\/vc_row]\n<p style=\"position:absolute;left:-12863px;\">La alternancia de las cuatro estaciones y la reencarnaci\u00f3n de la vida nos ense\u00f1an a apreciar.<\/p>\t\t\t\t\t\t<\/div>\n\t\t\t\t<\/div>\n\t\t\t\t\t<\/div>\n\t\t<\/div>\n\t\t\t\t\t\t\t<\/div>\n\t\t<\/section>\n\t\t\t\t\t\t\t<\/div>\n\t\t<\/section>","protected":false},"excerpt":{"rendered":"<p>[vc_row row_height_percent=&#8221;100&#8243; back_color=&#8221;color-xsdn&#8221; overlay_color=&#8221;color-xsdn&#8221; overlay_alpha=&#8221;90&#8243; gutter_size=&#8221;100&#8243; column_width_percent=&#8221;100&#8243; shift_y=&#8221;0&#8243; z_index=&#8221;0&#8243; style=&#8221;inherited&#8221; row_name=&#8221;Servicios&#8221; shape_dividers=&#8221;&#8221;][vc_column column_width_percent=&#8221;100&#8243; position_vertical=&#8221;middle&#8221; align_horizontal=&#8221;align_center&#8221; gutter_size=&#8221;4&#8243; overlay_alpha=&#8221;100&#8243; shift_x=&#8221;0&#8243; shift_y=&#8221;0&#8243; shift_y_down=&#8221;0&#8243; [&hellip;]<\/p>\n","protected":false},"author":1,"featured_media":0,"parent":0,"menu_order":0,"comment_status":"closed","ping_status":"closed","template":"","meta":{"_mi_skip_tracking":false,"_monsterinsights_sitenote_active":false,"_monsterinsights_sitenote_note":"","_monsterinsights_sitenote_category":0,"_joinchat":[],"footnotes":""},"class_list":["post-82784","page","type-page","status-publish","hentry","page_category-classic"],"_links":{"self":[{"href":"https:\/\/look-si.com\/index.php\/wp-json\/wp\/v2\/pages\/82784","targetHints":{"allow":["GET"]}}],"collection":[{"href":"https:\/\/look-si.com\/index.php\/wp-json\/wp\/v2\/pages"}],"about":[{"href":"https:\/\/look-si.com\/index.php\/wp-json\/wp\/v2\/types\/page"}],"author":[{"embeddable":true,"href":"https:\/\/look-si.com\/index.php\/wp-json\/wp\/v2\/users\/1"}],"replies":[{"embeddable":true,"href":"https:\/\/look-si.com\/index.php\/wp-json\/wp\/v2\/comments?post=82784"}],"version-history":[{"count":61,"href":"https:\/\/look-si.com\/index.php\/wp-json\/wp\/v2\/pages\/82784\/revisions"}],"predecessor-version":[{"id":83374,"href":"https:\/\/look-si.com\/index.php\/wp-json\/wp\/v2\/pages\/82784\/revisions\/83374"}],"wp:attachment":[{"href":"https:\/\/look-si.com\/index.php\/wp-json\/wp\/v2\/media?parent=82784"}],"curies":[{"name":"wp","href":"https:\/\/api.w.org\/{rel}","templated":true}]}}